{"id":14601,"date":"2026-03-26T05:53:24","date_gmt":"2026-03-26T05:53:24","guid":{"rendered":"https:\/\/rarewebpage.shop\/?post_type=product&#038;p=14601"},"modified":"2026-03-26T06:06:06","modified_gmt":"2026-03-26T06:06:06","slug":"more-protein-iced-coffee-eiskaffee-genuss-mit-19g-protein-und-95-weniger-zucker","status":"publish","type":"product","link":"https:\/\/rarewebpage.shop\/de\/produkt\/more-protein-iced-coffee-eiskaffee-genuss-mit-19g-protein-und-95-weniger-zucker\/","title":{"rendered":"More Protein Iced Coffee - Eiskaffee-Genuss mit 19g Protein und 95% weniger Zucker"},"content":{"rendered":"<div data-elementor-type=\"product-post\" data-elementor-id=\"14601\" class=\"elementor elementor-14601\" data-elementor-post-type=\"product\">\n\t\t\t\t<div class=\"elementor-element elementor-element-54091f84 e-flex e-con-boxed e-con e-parent\" data-id=\"54091f84\" data-element_type=\"container\" data-settings=\"{&quot;ekit_has_onepagescroll_dot&quot;:&quot;yes&quot;}\">\n\t\t\t\t\t<div class=\"e-con-inner\">\n\t\t<div class=\"elementor-element elementor-element-f6bf3c6 e-grid e-con-full e-con e-child\" data-id=\"f6bf3c6\" data-element_type=\"container\" data-settings=\"{&quot;ekit_has_onepagescroll_dot&quot;:&quot;yes&quot;}\">\n\t\t\t\t<div class=\"elementor-element elementor-element-76254bb8 elementor-widget elementor-widget-video\" data-id=\"76254bb8\" data-element_type=\"widget\" data-settings=\"{&quot;video_type&quot;:&quot;hosted&quot;,&quot;controls&quot;:&quot;yes&quot;,&quot;ekit_we_effect_on&quot;:&quot;none&quot;}\" data-widget_type=\"video.default\">\n\t\t\t\t<div class=\"elementor-widget-container\">\n\t\t\t\t\t\t\t<div class=\"e-hosted-video elementor-wrapper elementor-open-inline\">\n\t\t\t\t\t<video class=\"elementor-video\" src=\"https:\/\/rarewebpage.shop\/wp-content\/uploads\/2026\/03\/video_2026-03-26_09-30-09.mp4\" controls=\"\" preload=\"metadata\" controlslist=\"nodownload\"><\/video>\n\t\t\t\t<\/div>\n\t\t\t\t\t\t<\/div>\n\t\t\t\t<\/div>\n\t\t\t\t<div class=\"elementor-element elementor-element-33633e62 elementor-widget elementor-widget-text-editor\" data-id=\"33633e62\" data-element_type=\"widget\" data-settings=\"{&quot;ekit_we_effect_on&quot;:&quot;none&quot;}\" data-widget_type=\"text-editor.default\">\n\t\t\t\t<div class=\"elementor-widget-container\">\n\t\t\t\t\t\t\t\t\t<div class=\"elementor-widget-container\">\n    <h3>Produkt-Informationen<\/h3>\n    <h4>Merkmale &amp; Specs<\/h4>\n\n    <div class=\"product-table\">\n        <div class=\"product-row\">\n            <div class=\"product-label\">Geschmack<\/div>\n            <div class=\"product-value\">Eiskaffee<\/div>\n        <\/div>\n        <div class=\"product-row\">\n            <div class=\"product-label\">Di\u00e4t Typ<\/div>\n            <div class=\"product-value\">Vegetarisch<\/div>\n        <\/div>\n        <div class=\"product-row\">\n            <div class=\"product-label\">Vorteile<\/div>\n            <div class=\"product-value\">25g Protein pro Portion, Muskelwachstum, Echter Kaffee<\/div>\n        <\/div>\n        <div class=\"product-row\">\n            <div class=\"product-label\">Eiwei\u00dfquelle<\/div>\n            <div class=\"product-value\">Casein, Molke<\/div>\n        <\/div>\n        <div class=\"product-row\">\n            <div class=\"product-label\">Supplement Formulierung<\/div>\n            <div class=\"product-value\">Individuelles Supplement<\/div>\n        <\/div>\n    <\/div>\n\n    <style>\n        .product-table {\n            width: 100%;\n            border-top: 1px solid #000;\n            font-family: Arial, sans-serif;\n        }\n        .product-row {\n            display: flex;\n            border-bottom: 1px solid #000;\n            padding: 12px 0;\n        }\n        .product-label {\n            flex: 1;\n            font-weight: bold;\n            min-width: 200px;\n            padding-right: 20px;\n        }\n        .product-value {\n            flex: 1;\n            min-width: 200px;\n        }\n        h3, h4 {\n            font-family: Arial, sans-serif;\n            margin: 0.5em 0;\n        }\n    <\/style>\n<\/div>\t\t\t\t\t\t\t\t<\/div>\n\t\t\t\t<\/div>\n\t\t\t\t<\/div>\n\t\t<div class=\"elementor-element elementor-element-5dea4ef3 e-con-full e-flex e-con e-child\" data-id=\"5dea4ef3\" data-element_type=\"container\" data-settings=\"{&quot;ekit_has_onepagescroll_dot&quot;:&quot;yes&quot;}\">\n\t\t\t\t<div class=\"elementor-element elementor-element-3f28f37a elementor-widget elementor-widget-heading\" data-id=\"3f28f37a\" data-element_type=\"widget\" data-settings=\"{&quot;ekit_we_effect_on&quot;:&quot;none&quot;}\" data-widget_type=\"heading.default\">\n\t\t\t\t<div class=\"elementor-widget-container\">\n\t\t\t\t\t<h2 class=\"elementor-heading-title elementor-size-default\">\nWichtige Informationen<\/h2>\t\t\t\t<\/div>\n\t\t\t\t<\/div>\n\t\t\t\t<div class=\"elementor-element elementor-element-2ee72300 elementor-widget elementor-widget-text-editor\" data-id=\"2ee72300\" data-element_type=\"widget\" data-settings=\"{&quot;ekit_we_effect_on&quot;:&quot;none&quot;}\" data-widget_type=\"text-editor.default\">\n\t\t\t\t<div class=\"elementor-widget-container\">\n\t\t\t\t\t\t\t\t\t<h4>Informationen zur Sicherheit:<\/h4>\t\t\t\t\t\t\t\t<\/div>\n\t\t\t\t<\/div>\n\t\t\t\t<div class=\"elementor-element elementor-element-1c7936e elementor-widget elementor-widget-text-editor\" data-id=\"1c7936e\" data-element_type=\"widget\" data-settings=\"{&quot;ekit_we_effect_on&quot;:&quot;none&quot;}\" data-widget_type=\"text-editor.default\">\n\t\t\t\t<div class=\"elementor-widget-container\">\n\t\t\t\t\t\t\t\t\t<p>Erh\u00f6hter Koffeingehalt (27 mg\/100 ml). Nicht empfohlen f\u00fcr Kinder und schwangere oder stillende Frauen. Um eine optimale Vertr\u00e4glichkeit und Wirkung zu gew\u00e4hrleisten, bereiten Sie es bitte vor dem Verzehr gem\u00e4\u00df unserer Empfehlung zu. Das Pulver allein ist nicht zum Verzehr geeignet. Eine abwechslungsreiche und ausgewogene Ern\u00e4hrung sowie eine gesunde Lebensweise sind wichtig. Aufbewahrung: Trocken, verschlossen und vor Licht und Hitze gesch\u00fctzt lagern.<\/p>\t\t\t\t\t\t\t\t<\/div>\n\t\t\t\t<\/div>\n\t\t\t\t<div class=\"elementor-element elementor-element-2871cde1 elementor-widget elementor-widget-text-editor\" data-id=\"2871cde1\" data-element_type=\"widget\" data-settings=\"{&quot;ekit_we_effect_on&quot;:&quot;none&quot;}\" data-widget_type=\"text-editor.default\">\n\t\t\t\t<div class=\"elementor-widget-container\">\n\t\t\t\t\t\t\t\t\t<h4>Zutaten:<\/h4>\t\t\t\t\t\t\t\t<\/div>\n\t\t\t\t<\/div>\n\t\t\t\t<div class=\"elementor-element elementor-element-13d3ea7e elementor-widget elementor-widget-text-editor\" data-id=\"13d3ea7e\" data-element_type=\"widget\" data-settings=\"{&quot;ekit_we_effect_on&quot;:&quot;none&quot;}\" data-widget_type=\"text-editor.default\">\n\t\t\t\t<div class=\"elementor-widget-container\">\n\t\t\t\t\t\t\t\t\t<p>Molkeneiwei\u00dfkonzentrat 49.5%, Molkeneiwei\u00dfisolat 19.6%, Magermilchpulver, wei\u00dfe Schokoladenchips 6% [wei\u00dfe Schokolade 84% (Zucker, Kakaobutter, Vollmilchpulver, Molkenproteinpulver, Emulgator (Lecithin (Soja)), nat\u00fcrliches Vanillearoma), knusprige Cerealien 1 5% (Weizenmehl, Zucker, Weizenmalzmehl, St\u00e4rke (Weizen), Backtriebmittel (Natriumhydrogencarbonat), Salz, Kakaobutter, nat\u00fcrliches Vanillearoma), Glukosesirup, Zucker, \u00dcberzugsmittel (Gummi arabicum)], Instantkaffee 5.4%, Sahnepulver, Aroma, Emulgator (Lecithin (sun blume, blblume, blbl), Laktase, Verdickungsmittel (Guarkernmehl), S\u00fc\u00dfungsmittel (Sucralose, glycosylierte Steviolglycoside), Koffein. Herkunft Zutaten: EU\/Nicht-EU. *Enth\u00e4lt 90% weniger Zucker als herk\u00f6mmlicher Instant-Eiskaffee, der nur mit Zucker und ohne S\u00fc\u00dfungsmittel ges\u00fc\u00dft ist. **Quellen und Verh\u00e4ltnis der enthaltenen Lecithine k\u00f6nnen aufgrund der Verf\u00fcgbarkeit variieren<\/p>\t\t\t\t\t\t\t\t<\/div>\n\t\t\t\t<\/div>\n\t\t\t\t<div class=\"elementor-element elementor-element-6d3b04e3 elementor-widget elementor-widget-text-editor\" data-id=\"6d3b04e3\" data-element_type=\"widget\" data-settings=\"{&quot;ekit_we_effect_on&quot;:&quot;none&quot;}\" data-widget_type=\"text-editor.default\">\n\t\t\t\t<div class=\"elementor-widget-container\">\n\t\t\t\t\t\t\t\t\t<h4>Wegbeschreibung:<\/h4>\t\t\t\t\t\t\t\t<\/div>\n\t\t\t\t<\/div>\n\t\t\t\t<div class=\"elementor-element elementor-element-4f63e502 elementor-widget elementor-widget-text-editor\" data-id=\"4f63e502\" data-element_type=\"widget\" data-settings=\"{&quot;ekit_we_effect_on&quot;:&quot;none&quot;}\" data-widget_type=\"text-editor.default\">\n\t\t\t\t<div class=\"elementor-widget-container\">\n\t\t\t\t\t\t\t\t\t<p>Bereiten Sie 25 g Pulver (1 gestrichener Messl\u00f6ffel, innen) mit 300 ml kaltem, unges\u00fc\u00dftem Mandeldrink in einem Mixer\/Shaker zu. Tipp: Alternativ k\u00f6nnen Sie Ihren Eiskaffee auch mit Wasser, fettarmer Milch (1,5%) oder einem anderen pflanzlichen Getr\u00e4nk Ihrer Wahl zubereiten (\u00e4ndert die N\u00e4hrwerte)<\/p>\t\t\t\t\t\t\t\t<\/div>\n\t\t\t\t<\/div>\n\t\t\t\t<\/div>\n\t\t\t\t\t<\/div>\n\t\t\t\t<\/div>\n\t\t<div class=\"elementor-element elementor-element-30f10c e-flex e-con-boxed e-con e-parent\" data-id=\"30f10c\" data-element_type=\"container\" data-settings=\"{&quot;ekit_has_onepagescroll_dot&quot;:&quot;yes&quot;}\">\n\t\t\t\t\t<div class=\"e-con-inner\">\n\t\t\t\t<div class=\"elementor-element elementor-element-5a86c9a6 elementor--h-position-center elementor--v-position-middle elementor-arrows-position-inside elementor-pagination-position-inside elementor-widget elementor-widget-slides\" data-id=\"5a86c9a6\" data-element_type=\"widget\" data-settings=\"{&quot;navigation&quot;:&quot;both&quot;,&quot;autoplay&quot;:&quot;yes&quot;,&quot;pause_on_hover&quot;:&quot;yes&quot;,&quot;pause_on_interaction&quot;:&quot;yes&quot;,&quot;autoplay_speed&quot;:5000,&quot;infinite&quot;:&quot;yes&quot;,&quot;transition&quot;:&quot;slide&quot;,&quot;transition_speed&quot;:500,&quot;ekit_we_effect_on&quot;:&quot;none&quot;}\" data-widget_type=\"slides.default\">\n\t\t\t\t<div class=\"elementor-widget-container\">\n\t\t\t\t\t\t\t\t\t<div class=\"elementor-swiper\">\r\n\t\t\t\t\t<div class=\"elementor-slides-wrapper elementor-main-swiper swiper\" role=\"region\" aria-roledescription=\"carousel\" aria-label=\"Dias\" dir=\"ltr\" data-animation=\"fadeInUp\">\r\n\t\t\t\t<div class=\"swiper-wrapper elementor-slides\">\r\n\t\t\t\t\t\t\t\t\t\t<div class=\"elementor-repeater-item-524d7f7 swiper-slide\" role=\"group\" aria-roledescription=\"slide\"><div class=\"swiper-slide-bg\" role=\"img\" aria-label=\"12ad781c-49b3-483f-a48a-16ff65d3c428.__CR001464600_PT0_SX1464_V1___.jpg\"><\/div><div class=\"swiper-slide-inner\" ><div class=\"swiper-slide-contents\"><\/div><\/div><\/div><div class=\"elementor-repeater-item-07fc600 swiper-slide\" role=\"group\" aria-roledescription=\"slide\"><div class=\"swiper-slide-bg\" role=\"img\" aria-label=\"eb7a3458-6767-46a9-909a-5871a0473fe3.__CR001464600_PT0_SX1464_V1___.jpg\"><\/div><div class=\"swiper-slide-inner\" ><div class=\"swiper-slide-contents\"><\/div><\/div><\/div><div class=\"elementor-repeater-item-3871329 swiper-slide\" role=\"group\" aria-roledescription=\"slide\"><div class=\"swiper-slide-bg\" role=\"img\" aria-label=\"b9c76e17-cfaa-4325-bba7-116298c5c303.__CR001464600_PT0_SX1464_V1___.jpg\"><\/div><div class=\"swiper-slide-inner\" ><div class=\"swiper-slide-contents\"><\/div><\/div><\/div>\t\t\t\t<\/div>\r\n\t\t\t\t\t\t\t\t\t\t\t\t\t\t\t<div class=\"elementor-swiper-button elementor-swiper-button-prev\" role=\"button\" tabindex=\"0\" aria-label=\"Vorheriges Dia\">\r\n\t\t\t\t\t\t\t<svg aria-hidden=\"true\" class=\"e-font-icon-svg e-eicon-chevron-left\" viewbox=\"0 0 1000 1000\" xmlns=\"http:\/\/www.w3.org\/2000\/svg\"><path d=\"M646 125C629 125 613 133 604 142L308 442C296 454 292 471 292 487 292 504 296 521 308 533L604 854C617 867 629 875 646 875 663 875 679 871 692 858 704 846 713 829 713 812 713 796 708 779 692 767L438 487 692 225C700 217 708 204 708 187 708 171 704 154 692 142 675 129 663 125 646 125Z\"><\/path><\/svg>\t\t\t\t\t\t<\/div>\r\n\t\t\t\t\t\t<div class=\"elementor-swiper-button elementor-swiper-button-next\" role=\"button\" tabindex=\"0\" aria-label=\"N\u00e4chste Folie\">\r\n\t\t\t\t\t\t\t<svg aria-hidden=\"true\" class=\"e-font-icon-svg e-eicon-chevron-right\" viewbox=\"0 0 1000 1000\" xmlns=\"http:\/\/www.w3.org\/2000\/svg\"><path d=\"M696 533C708 521 713 504 713 487 713 471 708 454 696 446L400 146C388 133 375 125 354 125 338 125 325 129 313 142 300 154 292 171 292 187 292 204 296 221 308 233L563 492 304 771C292 783 288 800 288 817 288 833 296 850 308 863 321 871 338 875 354 875 371 875 388 867 400 854L696 533Z\"><\/path><\/svg>\t\t\t\t\t\t<\/div>\r\n\t\t\t\t\t\t\t\t\t\t\t\t\t\t\t\t<div class=\"swiper-pagination\"><\/div>\r\n\t\t\t\t\t\t\t\t\t\t\t\t<\/div>\r\n\t\t\t\t<\/div>\r\n\t\t\t\t\t\t\t\t<\/div>\n\t\t\t\t<\/div>\n\t\t<div class=\"elementor-element elementor-element-22b32eaf e-con-full e-flex e-con e-child\" data-id=\"22b32eaf\" data-element_type=\"container\" data-settings=\"{&quot;ekit_has_onepagescroll_dot&quot;:&quot;yes&quot;}\">\n\t\t<div class=\"elementor-element elementor-element-226b6037 e-grid e-con-full e-con e-child\" data-id=\"226b6037\" data-element_type=\"container\" data-settings=\"{&quot;ekit_has_onepagescroll_dot&quot;:&quot;yes&quot;}\">\n\t\t\t\t<div class=\"elementor-element elementor-element-1698f1fc elementor-position-top elementor-widget elementor-widget-image-box\" data-id=\"1698f1fc\" data-element_type=\"widget\" data-settings=\"{&quot;ekit_we_effect_on&quot;:&quot;none&quot;}\" data-widget_type=\"image-box.default\">\n\t\t\t\t<div class=\"elementor-widget-container\">\n\t\t\t\t\t<div class=\"elementor-image-box-wrapper\"><figure class=\"elementor-image-box-img\"><img loading=\"lazy\" decoding=\"async\" width=\"1500\" height=\"1500\" src=\"https:\/\/rarewebpage.shop\/wp-content\/uploads\/2026\/03\/711zgpj7NcL._AC_SL1500_.jpg\" class=\"attachment-full size-full wp-image-14623 wvs-archive-product-image\" alt=\"\" srcset=\"https:\/\/rarewebpage.shop\/wp-content\/uploads\/2026\/03\/711zgpj7NcL._AC_SL1500_.jpg 1500w, https:\/\/rarewebpage.shop\/wp-content\/uploads\/2026\/03\/711zgpj7NcL._AC_SL1500_-300x300.jpg 300w, https:\/\/rarewebpage.shop\/wp-content\/uploads\/2026\/03\/711zgpj7NcL._AC_SL1500_-1024x1024.jpg 1024w, https:\/\/rarewebpage.shop\/wp-content\/uploads\/2026\/03\/711zgpj7NcL._AC_SL1500_-150x150.jpg 150w, https:\/\/rarewebpage.shop\/wp-content\/uploads\/2026\/03\/711zgpj7NcL._AC_SL1500_-768x768.jpg 768w, https:\/\/rarewebpage.shop\/wp-content\/uploads\/2026\/03\/711zgpj7NcL._AC_SL1500_-12x12.jpg 12w, https:\/\/rarewebpage.shop\/wp-content\/uploads\/2026\/03\/711zgpj7NcL._AC_SL1500_-600x600.jpg 600w, https:\/\/rarewebpage.shop\/wp-content\/uploads\/2026\/03\/711zgpj7NcL._AC_SL1500_-100x100.jpg 100w, https:\/\/rarewebpage.shop\/wp-content\/uploads\/2026\/03\/711zgpj7NcL._AC_SL1500_-50x50.jpg 50w, https:\/\/rarewebpage.shop\/wp-content\/uploads\/2026\/03\/711zgpj7NcL._AC_SL1500_-1x1.jpg 1w, https:\/\/rarewebpage.shop\/wp-content\/uploads\/2026\/03\/711zgpj7NcL._AC_SL1500_-10x10.jpg 10w\" sizes=\"auto, (max-width: 1500px) 100vw, 1500px\" \/><\/figure><div class=\"elementor-image-box-content\"><h3 class=\"elementor-image-box-title\">Power-Paket f\u00fcr den Alltag<\/h3><p class=\"elementor-image-box-description\">Stell dir vor, du genie\u00dft den perfekten Eiskaffee - cremig, k\u00fchlend und voller Geschmack. Aber das ist nicht nur ein einfacher Genuss. Mit 19 Gramm hochwertigem Protein pro Portion ist dieser Kaffee Ihr perfekter Begleiter - ob nach dem Sport, als s\u00e4ttigender Snack oder als kraftvoller Start in den Morgen.<\/p><\/div><\/div>\t\t\t\t<\/div>\n\t\t\t\t<\/div>\n\t\t\t\t<div class=\"elementor-element elementor-element-4c54d51e elementor-position-top elementor-widget elementor-widget-image-box\" data-id=\"4c54d51e\" data-element_type=\"widget\" data-settings=\"{&quot;ekit_we_effect_on&quot;:&quot;none&quot;}\" data-widget_type=\"image-box.default\">\n\t\t\t\t<div class=\"elementor-widget-container\">\n\t\t\t\t\t<div class=\"elementor-image-box-wrapper\"><figure class=\"elementor-image-box-img\"><img loading=\"lazy\" decoding=\"async\" width=\"1500\" height=\"1500\" src=\"https:\/\/rarewebpage.shop\/wp-content\/uploads\/2026\/03\/717RwvFGidL._AC_SL1500_.jpg\" class=\"attachment-full size-full wp-image-14624 wvs-archive-product-image\" alt=\"\" srcset=\"https:\/\/rarewebpage.shop\/wp-content\/uploads\/2026\/03\/717RwvFGidL._AC_SL1500_.jpg 1500w, https:\/\/rarewebpage.shop\/wp-content\/uploads\/2026\/03\/717RwvFGidL._AC_SL1500_-300x300.jpg 300w, https:\/\/rarewebpage.shop\/wp-content\/uploads\/2026\/03\/717RwvFGidL._AC_SL1500_-1024x1024.jpg 1024w, https:\/\/rarewebpage.shop\/wp-content\/uploads\/2026\/03\/717RwvFGidL._AC_SL1500_-150x150.jpg 150w, https:\/\/rarewebpage.shop\/wp-content\/uploads\/2026\/03\/717RwvFGidL._AC_SL1500_-768x768.jpg 768w, https:\/\/rarewebpage.shop\/wp-content\/uploads\/2026\/03\/717RwvFGidL._AC_SL1500_-12x12.jpg 12w, https:\/\/rarewebpage.shop\/wp-content\/uploads\/2026\/03\/717RwvFGidL._AC_SL1500_-600x600.jpg 600w, https:\/\/rarewebpage.shop\/wp-content\/uploads\/2026\/03\/717RwvFGidL._AC_SL1500_-100x100.jpg 100w, https:\/\/rarewebpage.shop\/wp-content\/uploads\/2026\/03\/717RwvFGidL._AC_SL1500_-50x50.jpg 50w, https:\/\/rarewebpage.shop\/wp-content\/uploads\/2026\/03\/717RwvFGidL._AC_SL1500_-1x1.jpg 1w, https:\/\/rarewebpage.shop\/wp-content\/uploads\/2026\/03\/717RwvFGidL._AC_SL1500_-10x10.jpg 10w\" sizes=\"auto, (max-width: 1500px) 100vw, 1500px\" \/><\/figure><div class=\"elementor-image-box-content\"><h3 class=\"elementor-image-box-title\">Dein gesunder Lebensstil, leicht gemacht<\/h3><p class=\"elementor-image-box-description\">Sie m\u00fcssen sich nicht entscheiden: Lieber lecker oder lieber gesund? Hier bekommen Sie beides. Der Protein-Eiskaffee vereint die belebende Wirkung von hochwertigem Kaffee mit den Vorteilen einer proteinreichen Ern\u00e4hrung. Ideal f\u00fcr alle, die auf Makros achten, aber nicht auf Genuss verzichten wollen.<\/p><\/div><\/div>\t\t\t\t<\/div>\n\t\t\t\t<\/div>\n\t\t\t\t<div class=\"elementor-element elementor-element-2d5e22a6 elementor-position-top elementor-widget elementor-widget-image-box\" data-id=\"2d5e22a6\" data-element_type=\"widget\" data-settings=\"{&quot;ekit_we_effect_on&quot;:&quot;none&quot;}\" data-widget_type=\"image-box.default\">\n\t\t\t\t<div class=\"elementor-widget-container\">\n\t\t\t\t\t<div class=\"elementor-image-box-wrapper\"><figure class=\"elementor-image-box-img\"><img loading=\"lazy\" decoding=\"async\" width=\"1500\" height=\"1500\" src=\"https:\/\/rarewebpage.shop\/wp-content\/uploads\/2026\/03\/719X-MW-ElL._AC_SL1500_.jpg\" class=\"attachment-full size-full wp-image-14625 wvs-archive-product-image\" alt=\"\" srcset=\"https:\/\/rarewebpage.shop\/wp-content\/uploads\/2026\/03\/719X-MW-ElL._AC_SL1500_.jpg 1500w, https:\/\/rarewebpage.shop\/wp-content\/uploads\/2026\/03\/719X-MW-ElL._AC_SL1500_-300x300.jpg 300w, https:\/\/rarewebpage.shop\/wp-content\/uploads\/2026\/03\/719X-MW-ElL._AC_SL1500_-1024x1024.jpg 1024w, https:\/\/rarewebpage.shop\/wp-content\/uploads\/2026\/03\/719X-MW-ElL._AC_SL1500_-150x150.jpg 150w, https:\/\/rarewebpage.shop\/wp-content\/uploads\/2026\/03\/719X-MW-ElL._AC_SL1500_-768x768.jpg 768w, https:\/\/rarewebpage.shop\/wp-content\/uploads\/2026\/03\/719X-MW-ElL._AC_SL1500_-12x12.jpg 12w, https:\/\/rarewebpage.shop\/wp-content\/uploads\/2026\/03\/719X-MW-ElL._AC_SL1500_-600x600.jpg 600w, https:\/\/rarewebpage.shop\/wp-content\/uploads\/2026\/03\/719X-MW-ElL._AC_SL1500_-100x100.jpg 100w, https:\/\/rarewebpage.shop\/wp-content\/uploads\/2026\/03\/719X-MW-ElL._AC_SL1500_-50x50.jpg 50w, https:\/\/rarewebpage.shop\/wp-content\/uploads\/2026\/03\/719X-MW-ElL._AC_SL1500_-1x1.jpg 1w, https:\/\/rarewebpage.shop\/wp-content\/uploads\/2026\/03\/719X-MW-ElL._AC_SL1500_-10x10.jpg 10w\" sizes=\"auto, (max-width: 1500px) 100vw, 1500px\" \/><\/figure><div class=\"elementor-image-box-content\"><h3 class=\"elementor-image-box-title\">95 % weniger Zucker - voller Geschmack<\/h3><p class=\"elementor-image-box-description\">Schluss mit der Zuckerschleuder! Wir haben den Zucker um ganze 95 % reduziert, ohne dabei Kompromisse beim Geschmack einzugehen. Keine k\u00fcnstliche S\u00fc\u00dfe, sondern ein nat\u00fcrlich ausbalanciertes Aroma, das den puren Kaffeegenuss in den Vordergrund stellt.<\/p><\/div><\/div>\t\t\t\t<\/div>\n\t\t\t\t<\/div>\n\t\t\t\t<\/div>\n\t\t\t\t<\/div>\n\t\t<div class=\"elementor-element elementor-element-486b28f1 e-con-full e-flex e-con e-child\" data-id=\"486b28f1\" data-element_type=\"container\" data-settings=\"{&quot;ekit_has_onepagescroll_dot&quot;:&quot;yes&quot;}\">\n\t\t\t\t<div class=\"elementor-element elementor-element-7f4add30 elementor-widget elementor-widget-image\" data-id=\"7f4add30\" data-element_type=\"widget\" data-settings=\"{&quot;ekit_we_effect_on&quot;:&quot;none&quot;}\" data-widget_type=\"image.default\">\n\t\t\t\t<div class=\"elementor-widget-container\">\n\t\t\t\t\t\t\t\t\t\t\t\t\t\t\t<img loading=\"lazy\" decoding=\"async\" width=\"1024\" height=\"420\" src=\"https:\/\/rarewebpage.shop\/wp-content\/uploads\/2026\/03\/1-25-1024x420.jpg\" class=\"attachment-large size-large wp-image-14626 wvs-archive-product-image\" alt=\"\" srcset=\"https:\/\/rarewebpage.shop\/wp-content\/uploads\/2026\/03\/1-25-1024x420.jpg 1024w, https:\/\/rarewebpage.shop\/wp-content\/uploads\/2026\/03\/1-25-300x123.jpg 300w, https:\/\/rarewebpage.shop\/wp-content\/uploads\/2026\/03\/1-25-768x315.jpg 768w, https:\/\/rarewebpage.shop\/wp-content\/uploads\/2026\/03\/1-25-18x7.jpg 18w, https:\/\/rarewebpage.shop\/wp-content\/uploads\/2026\/03\/1-25-600x246.jpg 600w, https:\/\/rarewebpage.shop\/wp-content\/uploads\/2026\/03\/1-25-1x1.jpg 1w, https:\/\/rarewebpage.shop\/wp-content\/uploads\/2026\/03\/1-25-10x4.jpg 10w, https:\/\/rarewebpage.shop\/wp-content\/uploads\/2026\/03\/1-25.jpg 1464w\" sizes=\"auto, (max-width: 1024px) 100vw, 1024px\" \/>\t\t\t\t\t\t\t\t\t\t\t\t\t\t\t<\/div>\n\t\t\t\t<\/div>\n\t\t\t\t<div class=\"elementor-element elementor-element-514c2cfe elementor-widget elementor-widget-image\" data-id=\"514c2cfe\" data-element_type=\"widget\" data-settings=\"{&quot;ekit_we_effect_on&quot;:&quot;none&quot;}\" data-widget_type=\"image.default\">\n\t\t\t\t<div class=\"elementor-widget-container\">\n\t\t\t\t\t\t\t\t\t\t\t\t\t\t\t<img loading=\"lazy\" decoding=\"async\" width=\"1024\" height=\"420\" src=\"https:\/\/rarewebpage.shop\/wp-content\/uploads\/2026\/03\/2-16-1024x420.jpg\" class=\"attachment-large size-large wp-image-14627 wvs-archive-product-image\" alt=\"\" srcset=\"https:\/\/rarewebpage.shop\/wp-content\/uploads\/2026\/03\/2-16-1024x420.jpg 1024w, https:\/\/rarewebpage.shop\/wp-content\/uploads\/2026\/03\/2-16-300x123.jpg 300w, https:\/\/rarewebpage.shop\/wp-content\/uploads\/2026\/03\/2-16-768x315.jpg 768w, https:\/\/rarewebpage.shop\/wp-content\/uploads\/2026\/03\/2-16-18x7.jpg 18w, https:\/\/rarewebpage.shop\/wp-content\/uploads\/2026\/03\/2-16-600x246.jpg 600w, https:\/\/rarewebpage.shop\/wp-content\/uploads\/2026\/03\/2-16-1x1.jpg 1w, https:\/\/rarewebpage.shop\/wp-content\/uploads\/2026\/03\/2-16-10x4.jpg 10w, https:\/\/rarewebpage.shop\/wp-content\/uploads\/2026\/03\/2-16.jpg 1464w\" sizes=\"auto, (max-width: 1024px) 100vw, 1024px\" \/>\t\t\t\t\t\t\t\t\t\t\t\t\t\t\t<\/div>\n\t\t\t\t<\/div>\n\t\t\t\t<div class=\"elementor-element elementor-element-75576ccd elementor-widget elementor-widget-image\" data-id=\"75576ccd\" data-element_type=\"widget\" data-settings=\"{&quot;ekit_we_effect_on&quot;:&quot;none&quot;}\" data-widget_type=\"image.default\">\n\t\t\t\t<div class=\"elementor-widget-container\">\n\t\t\t\t\t\t\t\t\t\t\t\t\t\t\t<img loading=\"lazy\" decoding=\"async\" width=\"1024\" height=\"420\" src=\"https:\/\/rarewebpage.shop\/wp-content\/uploads\/2026\/03\/3-17-1024x420.jpg\" class=\"attachment-large size-large wp-image-14628 wvs-archive-product-image\" alt=\"\" srcset=\"https:\/\/rarewebpage.shop\/wp-content\/uploads\/2026\/03\/3-17-1024x420.jpg 1024w, https:\/\/rarewebpage.shop\/wp-content\/uploads\/2026\/03\/3-17-300x123.jpg 300w, https:\/\/rarewebpage.shop\/wp-content\/uploads\/2026\/03\/3-17-768x315.jpg 768w, https:\/\/rarewebpage.shop\/wp-content\/uploads\/2026\/03\/3-17-18x7.jpg 18w, https:\/\/rarewebpage.shop\/wp-content\/uploads\/2026\/03\/3-17-600x246.jpg 600w, https:\/\/rarewebpage.shop\/wp-content\/uploads\/2026\/03\/3-17-1x1.jpg 1w, https:\/\/rarewebpage.shop\/wp-content\/uploads\/2026\/03\/3-17-10x4.jpg 10w, https:\/\/rarewebpage.shop\/wp-content\/uploads\/2026\/03\/3-17.jpg 1464w\" sizes=\"auto, (max-width: 1024px) 100vw, 1024px\" \/>\t\t\t\t\t\t\t\t\t\t\t\t\t\t\t<\/div>\n\t\t\t\t<\/div>\n\t\t\t\t<\/div>\n\t\t\t\t\t<\/div>\n\t\t\t\t<\/div>\n\t\t\t\t<\/div>","protected":false},"excerpt":{"rendered":"<h1 class=\"a-size-base-plus a-text-bold\">\u00dcber diesen Artikel<\/h1>\n<ul class=\"a-unordered-list a-vertical a-spacing-mini\">\n<li class=\"a-spacing-mini\"><span class=\"a-list-item\">PROTEIN-EISKAFFEE: In unserem Eiskaffee mit mehr Proteinen kombinieren wir wertvolle Proteine mit k\u00f6stlichem Eiskaffee<\/span><\/li>\n<li class=\"a-spacing-mini\"><span class=\"a-list-item\">Hoher Proteingehalt, unser Eiskaffee mit mehr Protein punktet mit einem hohen Proteingehalt, um genau zu sein mit 19 g Protein pro Portion<\/span><\/li>\n<li class=\"a-spacing-mini\"><span class=\"a-list-item\">Weniger Zucker2: Nach typischer More-Manier enth\u00e4lt unsere Kreation 95% weniger Zucker als herk\u00f6mmliche Instant-Eiskaffees, da wir unbedenkliche S\u00fc\u00dfstoffe anstelle von Zucker verwenden<\/span><\/li>\n<\/ul>","protected":false},"featured_media":14606,"comment_status":"open","ping_status":"closed","template":"","meta":{"_acf_changed":false},"etheme_brands":[],"product_brand":[],"product_cat":[118],"product_tag":[],"class_list":{"0":"post-14601","1":"product","2":"type-product","3":"status-publish","4":"has-post-thumbnail","6":"product_cat-sale-shop","8":"first","9":"instock","10":"sale","11":"shipping-taxable","12":"purchasable","13":"product-type-variable","14":"has-default-attributes","15":"wvs-archive-product-wrapper"},"acf":[],"_links":{"self":[{"href":"https:\/\/rarewebpage.shop\/de\/wp-json\/wp\/v2\/product\/14601","targetHints":{"allow":["GET"]}}],"collection":[{"href":"https:\/\/rarewebpage.shop\/de\/wp-json\/wp\/v2\/product"}],"about":[{"href":"https:\/\/rarewebpage.shop\/de\/wp-json\/wp\/v2\/types\/product"}],"replies":[{"embeddable":true,"href":"https:\/\/rarewebpage.shop\/de\/wp-json\/wp\/v2\/comments?post=14601"}],"version-history":[{"count":4,"href":"https:\/\/rarewebpage.shop\/de\/wp-json\/wp\/v2\/product\/14601\/revisions"}],"predecessor-version":[{"id":14636,"href":"https:\/\/rarewebpage.shop\/de\/wp-json\/wp\/v2\/product\/14601\/revisions\/14636"}],"wp:featuredmedia":[{"embeddable":true,"href":"https:\/\/rarewebpage.shop\/de\/wp-json\/wp\/v2\/media\/14606"}],"wp:attachment":[{"href":"https:\/\/rarewebpage.shop\/de\/wp-json\/wp\/v2\/media?parent=14601"}],"wp:term":[{"taxonomy":"brand","embeddable":true,"href":"https:\/\/rarewebpage.shop\/de\/wp-json\/wp\/v2\/etheme_brands?post=14601"},{"taxonomy":"product_brand","embeddable":true,"href":"https:\/\/rarewebpage.shop\/de\/wp-json\/wp\/v2\/product_brand?post=14601"},{"taxonomy":"product_cat","embeddable":true,"href":"https:\/\/rarewebpage.shop\/de\/wp-json\/wp\/v2\/product_cat?post=14601"},{"taxonomy":"product_tag","embeddable":true,"href":"https:\/\/rarewebpage.shop\/de\/wp-json\/wp\/v2\/product_tag?post=14601"}],"curies":[{"name":"wp","href":"https:\/\/api.w.org\/{rel}","templated":true}]}}